{"id":88,"date":"2018-03-06T16:05:12","date_gmt":"2018-03-06T15:05:12","guid":{"rendered":"http:\/\/verneuil-nievre.com\/?page_id=88"},"modified":"2026-03-19T10:07:53","modified_gmt":"2026-03-19T09:07:53","slug":"les-amis-de-verneuil-2","status":"publish","type":"page","link":"https:\/\/verneuil-nievre.com\/?page_id=88","title":{"rendered":"Les Amis de Verneuil"},"content":{"rendered":"\n<p><strong>LES AMIS DE VERNEUIL <\/strong><\/p>\n\n\n\n<p>Cr\u00e9\u00e9e en novembre 2017, l\u2019association \u00ab&nbsp;Les Amis de Verneuil&nbsp;\u00bb a pour but de sauvegarder et de promouvoir le patrimoine et l\u2019histoire de notre commune.<\/p>\n\n\n\n<p><\/p>\n\n\n\n<p>Si vous souhaitez \u00eatre adh\u00e9rents de l\u2019association (10\u20ac), participer \u00e0 l\u2019organisation des manifestations de l\u2019ann\u00e9e, ou simplement communiquer vos id\u00e9es, n\u2019h\u00e9sitez pas \u00e0 contacter les Amis de Verneuil \u00e0 l\u2019adresse&nbsp;: <a href=\"mailto:amis.verneuil@gmail.com\">amis.verneuil@gmail.com<\/a>.<\/p>\n\n\n\n<ul class=\"wp-block-social-links is-layout-flex wp-block-social-links-is-layout-flex\"><\/ul>\n\n\n\n<p><a href=\"https:\/\/www.facebook.com\/p\/Les-Amis-de-Verneuil-100093427867479\">https:\/\/www.facebook.com\/p\/Les-Amis-de-Verneuil-100093427867479<\/a><\/p>\n","protected":false},"excerpt":{"rendered":"<p>LES AMIS DE VERNEUIL Cr\u00e9\u00e9e en novembre 2017, l\u2019association \u00ab&nbsp;Les Amis de Verneuil&nbsp;\u00bb a pour but de sauvegarder et de promouvoir le patrimoine et l\u2019histoire de notre commune. Si vous souhaitez \u00eatre adh\u00e9rents de l\u2019association (10\u20ac), participer \u00e0 l\u2019organisation des <a class=\"more-link\" href=\"https:\/\/verneuil-nievre.com\/?page_id=88\">Continuer la lecture <span class=\"screen-reader-text\">  Les Amis de Verneuil<\/span><span class=\"meta-nav\">&rarr;<\/span><\/a><\/p>\n","protected":false},"author":1,"featured_media":0,"parent":74,"menu_order":0,"comment_status":"closed","ping_status":"closed","template":"","meta":{"footnotes":""},"class_list":["post-88","page","type-page","status-publish","hentry"],"_links":{"self":[{"href":"https:\/\/verneuil-nievre.com\/index.php?rest_route=\/wp\/v2\/pages\/88","targetHints":{"allow":["GET"]}}],"collection":[{"href":"https:\/\/verneuil-nievre.com\/index.php?rest_route=\/wp\/v2\/pages"}],"about":[{"href":"https:\/\/verneuil-nievre.com\/index.php?rest_route=\/wp\/v2\/types\/page"}],"author":[{"embeddable":true,"href":"https:\/\/verneuil-nievre.com\/index.php?rest_route=\/wp\/v2\/users\/1"}],"replies":[{"embeddable":true,"href":"https:\/\/verneuil-nievre.com\/index.php?rest_route=%2Fwp%2Fv2%2Fcomments&post=88"}],"version-history":[{"count":19,"href":"https:\/\/verneuil-nievre.com\/index.php?rest_route=\/wp\/v2\/pages\/88\/revisions"}],"predecessor-version":[{"id":1783,"href":"https:\/\/verneuil-nievre.com\/index.php?rest_route=\/wp\/v2\/pages\/88\/revisions\/1783"}],"up":[{"embeddable":true,"href":"https:\/\/verneuil-nievre.com\/index.php?rest_route=\/wp\/v2\/pages\/74"}],"wp:attachment":[{"href":"https:\/\/verneuil-nievre.com\/index.php?rest_route=%2Fwp%2Fv2%2Fmedia&parent=88"}],"curies":[{"name":"wp","href":"https:\/\/api.w.org\/{rel}","templated":true}]}}