{"id":83,"date":"2018-03-06T16:00:24","date_gmt":"2018-03-06T15:00:24","guid":{"rendered":"http:\/\/verneuil-nievre.com\/?page_id=83"},"modified":"2023-08-31T16:46:00","modified_gmt":"2023-08-31T14:46:00","slug":"les-amis-de-verneuil","status":"publish","type":"page","link":"https:\/\/verneuil-nievre.com\/?page_id=83","title":{"rendered":"VERNEUIL GYM"},"content":{"rendered":"<p>Tourn\u00e9s\u00a0 autour de la convivialit\u00e9, des rencontres, de la solidarit\u00e9, Veneuil Gym offre la possibilit\u00e9 de pratiquer dans une ambiance chaleureuse.Lolita, notre animatrice dipl\u00f4m\u00e9e nous fait travailler l&rsquo;\u00e9quilibre,la coordination, l&rsquo;endurance, et la souplesse.<\/p>\n<p>Pr\u00e9sidente : Christine RENAUD 0386505760<br \/>\nRencontre Les mercredi\u00a0 de 19h30 \u00e0 20h30<br \/>\nCotisation : 70\u20ac<\/p>\n","protected":false},"excerpt":{"rendered":"<p>Tourn\u00e9s\u00a0 autour de la convivialit\u00e9, des rencontres, de la solidarit\u00e9, Veneuil Gym offre la possibilit\u00e9 de pratiquer dans une ambiance chaleureuse.Lolita, notre animatrice dipl\u00f4m\u00e9e nous fait travailler l&rsquo;\u00e9quilibre,la coordination, l&rsquo;endurance, et la souplesse. Pr\u00e9sidente : Christine RENAUD 0386505760 Rencontre Les <a class=\"more-link\" href=\"https:\/\/verneuil-nievre.com\/?page_id=83\">Continuer la lecture <span class=\"screen-reader-text\">  VERNEUIL GYM<\/span><span class=\"meta-nav\">&rarr;<\/span><\/a><\/p>\n","protected":false},"author":1,"featured_media":0,"parent":74,"menu_order":0,"comment_status":"closed","ping_status":"closed","template":"","meta":{"footnotes":""},"class_list":["post-83","page","type-page","status-publish","hentry"],"_links":{"self":[{"href":"https:\/\/verneuil-nievre.com\/index.php?rest_route=\/wp\/v2\/pages\/83","targetHints":{"allow":["GET"]}}],"collection":[{"href":"https:\/\/verneuil-nievre.com\/index.php?rest_route=\/wp\/v2\/pages"}],"about":[{"href":"https:\/\/verneuil-nievre.com\/index.php?rest_route=\/wp\/v2\/types\/page"}],"author":[{"embeddable":true,"href":"https:\/\/verneuil-nievre.com\/index.php?rest_route=\/wp\/v2\/users\/1"}],"replies":[{"embeddable":true,"href":"https:\/\/verneuil-nievre.com\/index.php?rest_route=%2Fwp%2Fv2%2Fcomments&post=83"}],"version-history":[{"count":6,"href":"https:\/\/verneuil-nievre.com\/index.php?rest_route=\/wp\/v2\/pages\/83\/revisions"}],"predecessor-version":[{"id":1529,"href":"https:\/\/verneuil-nievre.com\/index.php?rest_route=\/wp\/v2\/pages\/83\/revisions\/1529"}],"up":[{"embeddable":true,"href":"https:\/\/verneuil-nievre.com\/index.php?rest_route=\/wp\/v2\/pages\/74"}],"wp:attachment":[{"href":"https:\/\/verneuil-nievre.com\/index.php?rest_route=%2Fwp%2Fv2%2Fmedia&parent=83"}],"curies":[{"name":"wp","href":"https:\/\/api.w.org\/{rel}","templated":true}]}}