{"id":71,"date":"2018-03-06T15:48:28","date_gmt":"2018-03-06T14:48:28","guid":{"rendered":"http:\/\/verneuil-nievre.com\/?page_id=71"},"modified":"2026-03-17T10:59:21","modified_gmt":"2026-03-17T09:59:21","slug":"infos-pratiques","status":"publish","type":"page","link":"https:\/\/verneuil-nievre.com\/?page_id=71","title":{"rendered":"Infos pratiques"},"content":{"rendered":"<p><strong>Horaires d&rsquo;ouverture :<\/strong><\/p>\n<p>Lundi de 8h30 \u00e012h00 et de 13h30 \u00e0 17h00<\/p>\n<p>Mardi de 8h30 \u00e0 12h00 et de 16h15 \u00e0 17h00<\/p>\n<p>Jeudi de 8h30 \u00e0 12h00 et de 13h30 \u00e0 17h00<\/p>\n<p>Vendredi de 8h30 \u00e0 9h45 et de 13h30 \u00e0 17h00<\/p>\n<p><strong>Contact :<\/strong><\/p>\n<p>Adresse : Mairie de VERNEUIL &#8211; 16 L&rsquo;Usage &#8211; 58300 VERNEUIL<\/p>\n<p>T\u00e9l\u00e9phone :\u00a0 03 86 50 51 33<\/p>\n<p>Adresse Mail : mairie-verneuil-nievre@orange.fr<\/p>\n","protected":false},"excerpt":{"rendered":"<p>Horaires d&rsquo;ouverture : Lundi de 8h30 \u00e012h00 et de 13h30 \u00e0 17h00 Mardi de 8h30 \u00e0 12h00 et de 16h15 \u00e0 17h00 Jeudi de 8h30 \u00e0 12h00 et de 13h30 \u00e0 17h00 Vendredi de 8h30 \u00e0 9h45 et de 13h30 <a class=\"more-link\" href=\"https:\/\/verneuil-nievre.com\/?page_id=71\">Continuer la lecture <span class=\"screen-reader-text\">  Infos pratiques<\/span><span class=\"meta-nav\">&rarr;<\/span><\/a><\/p>\n","protected":false},"author":1,"featured_media":0,"parent":53,"menu_order":0,"comment_status":"closed","ping_status":"closed","template":"","meta":{"footnotes":""},"class_list":["post-71","page","type-page","status-publish","hentry"],"_links":{"self":[{"href":"https:\/\/verneuil-nievre.com\/index.php?rest_route=\/wp\/v2\/pages\/71","targetHints":{"allow":["GET"]}}],"collection":[{"href":"https:\/\/verneuil-nievre.com\/index.php?rest_route=\/wp\/v2\/pages"}],"about":[{"href":"https:\/\/verneuil-nievre.com\/index.php?rest_route=\/wp\/v2\/types\/page"}],"author":[{"embeddable":true,"href":"https:\/\/verneuil-nievre.com\/index.php?rest_route=\/wp\/v2\/users\/1"}],"replies":[{"embeddable":true,"href":"https:\/\/verneuil-nievre.com\/index.php?rest_route=%2Fwp%2Fv2%2Fcomments&post=71"}],"version-history":[{"count":5,"href":"https:\/\/verneuil-nievre.com\/index.php?rest_route=\/wp\/v2\/pages\/71\/revisions"}],"predecessor-version":[{"id":1746,"href":"https:\/\/verneuil-nievre.com\/index.php?rest_route=\/wp\/v2\/pages\/71\/revisions\/1746"}],"up":[{"embeddable":true,"href":"https:\/\/verneuil-nievre.com\/index.php?rest_route=\/wp\/v2\/pages\/53"}],"wp:attachment":[{"href":"https:\/\/verneuil-nievre.com\/index.php?rest_route=%2Fwp%2Fv2%2Fmedia&parent=71"}],"curies":[{"name":"wp","href":"https:\/\/api.w.org\/{rel}","templated":true}]}}