{"id":57,"date":"2018-03-06T13:37:28","date_gmt":"2018-03-06T12:37:28","guid":{"rendered":"http:\/\/verneuil-nievre.com\/?page_id=57"},"modified":"2026-04-07T10:01:37","modified_gmt":"2026-04-07T08:01:37","slug":"les-elus","status":"publish","type":"page","link":"https:\/\/verneuil-nievre.com\/?page_id=57","title":{"rendered":"Les \u00e9lus"},"content":{"rendered":"<p><strong>Le Maire :<\/strong> David COLAS<br \/>\n<strong>L&rsquo;adjointe au maire :<\/strong> B\u00e9atrice BAVART<\/p>\n<p><strong>Les conseillers municipaux :<\/strong><br \/>\nSt\u00e9phane SAUVIGNON, Sylvie GIRARD, C\u00e9cile BENOIST d\u2019AZY,\u00a0 Aur\u00e9lie MULLER, David CAILLOT, Julien CARETTE, Ang\u00e9lique MORAND, Florent POINT, Bernard PELLE<\/p>\n","protected":false},"excerpt":{"rendered":"<p>Le Maire : David COLAS L&rsquo;adjointe au maire : B\u00e9atrice BAVART Les conseillers municipaux : St\u00e9phane SAUVIGNON, Sylvie GIRARD, C\u00e9cile BENOIST d\u2019AZY,\u00a0 Aur\u00e9lie MULLER, David CAILLOT, Julien CARETTE, Ang\u00e9lique MORAND, Florent POINT, Bernard PELLE<\/p>\n","protected":false},"author":3,"featured_media":0,"parent":53,"menu_order":0,"comment_status":"closed","ping_status":"closed","template":"","meta":{"footnotes":""},"class_list":["post-57","page","type-page","status-publish","hentry"],"_links":{"self":[{"href":"https:\/\/verneuil-nievre.com\/index.php?rest_route=\/wp\/v2\/pages\/57","targetHints":{"allow":["GET"]}}],"collection":[{"href":"https:\/\/verneuil-nievre.com\/index.php?rest_route=\/wp\/v2\/pages"}],"about":[{"href":"https:\/\/verneuil-nievre.com\/index.php?rest_route=\/wp\/v2\/types\/page"}],"author":[{"embeddable":true,"href":"https:\/\/verneuil-nievre.com\/index.php?rest_route=\/wp\/v2\/users\/3"}],"replies":[{"embeddable":true,"href":"https:\/\/verneuil-nievre.com\/index.php?rest_route=%2Fwp%2Fv2%2Fcomments&post=57"}],"version-history":[{"count":6,"href":"https:\/\/verneuil-nievre.com\/index.php?rest_route=\/wp\/v2\/pages\/57\/revisions"}],"predecessor-version":[{"id":1821,"href":"https:\/\/verneuil-nievre.com\/index.php?rest_route=\/wp\/v2\/pages\/57\/revisions\/1821"}],"up":[{"embeddable":true,"href":"https:\/\/verneuil-nievre.com\/index.php?rest_route=\/wp\/v2\/pages\/53"}],"wp:attachment":[{"href":"https:\/\/verneuil-nievre.com\/index.php?rest_route=%2Fwp%2Fv2%2Fmedia&parent=57"}],"curies":[{"name":"wp","href":"https:\/\/api.w.org\/{rel}","templated":true}]}}