{"id":51,"date":"2018-03-06T12:06:06","date_gmt":"2018-03-06T11:06:06","guid":{"rendered":"http:\/\/verneuil-nievre.com\/?page_id=51"},"modified":"2021-02-26T09:01:22","modified_gmt":"2021-02-26T08:01:22","slug":"verneuil-en-chiffres","status":"publish","type":"page","link":"https:\/\/verneuil-nievre.com\/?page_id=51","title":{"rendered":"Verneuil"},"content":{"rendered":"<p>Verneuil est une commune qui compte 305 habitants sur une superficie de 2686 km\u00b2. Administrativement, elle fait partie du canton de Decize, du D\u00e9partement de la Ni\u00e8vre et de la R\u00e9gion Bourgogne Franche-Comt\u00e9.<br \/>\nElle est aussi dans la communaut\u00e9 de communes du Sud-Nivernais et du PTER de Nevers-Sud Nivernais.<\/p>\n","protected":false},"excerpt":{"rendered":"<p>Verneuil est une commune qui compte 305 habitants sur une superficie de 2686 km\u00b2. Administrativement, elle fait partie du canton de Decize, du D\u00e9partement de la Ni\u00e8vre et de la R\u00e9gion Bourgogne Franche-Comt\u00e9. Elle est aussi dans la communaut\u00e9 de <a class=\"more-link\" href=\"https:\/\/verneuil-nievre.com\/?page_id=51\">Continuer la lecture <span class=\"screen-reader-text\">  Verneuil<\/span><span class=\"meta-nav\">&rarr;<\/span><\/a><\/p>\n","protected":false},"author":3,"featured_media":0,"parent":33,"menu_order":10,"comment_status":"closed","ping_status":"closed","template":"","meta":{"footnotes":""},"class_list":["post-51","page","type-page","status-publish","hentry"],"_links":{"self":[{"href":"https:\/\/verneuil-nievre.com\/index.php?rest_route=\/wp\/v2\/pages\/51","targetHints":{"allow":["GET"]}}],"collection":[{"href":"https:\/\/verneuil-nievre.com\/index.php?rest_route=\/wp\/v2\/pages"}],"about":[{"href":"https:\/\/verneuil-nievre.com\/index.php?rest_route=\/wp\/v2\/types\/page"}],"author":[{"embeddable":true,"href":"https:\/\/verneuil-nievre.com\/index.php?rest_route=\/wp\/v2\/users\/3"}],"replies":[{"embeddable":true,"href":"https:\/\/verneuil-nievre.com\/index.php?rest_route=%2Fwp%2Fv2%2Fcomments&post=51"}],"version-history":[{"count":5,"href":"https:\/\/verneuil-nievre.com\/index.php?rest_route=\/wp\/v2\/pages\/51\/revisions"}],"predecessor-version":[{"id":1154,"href":"https:\/\/verneuil-nievre.com\/index.php?rest_route=\/wp\/v2\/pages\/51\/revisions\/1154"}],"up":[{"embeddable":true,"href":"https:\/\/verneuil-nievre.com\/index.php?rest_route=\/wp\/v2\/pages\/33"}],"wp:attachment":[{"href":"https:\/\/verneuil-nievre.com\/index.php?rest_route=%2Fwp%2Fv2%2Fmedia&parent=51"}],"curies":[{"name":"wp","href":"https:\/\/api.w.org\/{rel}","templated":true}]}}