{"id":467,"date":"2018-06-15T13:37:22","date_gmt":"2018-06-15T11:37:22","guid":{"rendered":"http:\/\/verneuil-nievre.com\/?page_id=467"},"modified":"2026-03-19T09:59:05","modified_gmt":"2026-03-19T08:59:05","slug":"mutuelle","status":"publish","type":"page","link":"https:\/\/verneuil-nievre.com\/?page_id=467","title":{"rendered":"Mutuelle solidaire"},"content":{"rendered":"<p>Depuis 2019, le Conseil d\u00e9partemental de la Ni\u00e8vre a fait le choix de faciliter l\u2019acc\u00e8s \u00e0 une compl\u00e9mentaire sant\u00e9 solidaire pour tous les Nivernais, quelque soit l\u2019\u00e2ge et les conditions de ressources, en partenariat avec la mutuelle MOS. La commune de Verneuil a contractualis\u00e9 avec la mutuelle des organismes sociaux (MOS) pour proposer aux habitants de Verneuil une mutuelle intercommunale, pour plus de renseignements\u00a0<\/p>\n<p>https:\/\/www.mutuelle-mos.fr\/votre-profil\/particuliers\/<\/p>\n\n\n<p><\/p>\n","protected":false},"excerpt":{"rendered":"<p>Depuis 2019, le Conseil d\u00e9partemental de la Ni\u00e8vre a fait le choix de faciliter l\u2019acc\u00e8s \u00e0 une compl\u00e9mentaire sant\u00e9 solidaire pour tous les Nivernais, quelque soit l\u2019\u00e2ge et les conditions de ressources, en partenariat avec la mutuelle MOS. La commune <a class=\"more-link\" href=\"https:\/\/verneuil-nievre.com\/?page_id=467\">Continuer la lecture <span class=\"screen-reader-text\">  Mutuelle solidaire<\/span><span class=\"meta-nav\">&rarr;<\/span><\/a><\/p>\n","protected":false},"author":1,"featured_media":0,"parent":169,"menu_order":60,"comment_status":"closed","ping_status":"closed","template":"","meta":{"footnotes":""},"class_list":["post-467","page","type-page","status-publish","hentry"],"_links":{"self":[{"href":"https:\/\/verneuil-nievre.com\/index.php?rest_route=\/wp\/v2\/pages\/467","targetHints":{"allow":["GET"]}}],"collection":[{"href":"https:\/\/verneuil-nievre.com\/index.php?rest_route=\/wp\/v2\/pages"}],"about":[{"href":"https:\/\/verneuil-nievre.com\/index.php?rest_route=\/wp\/v2\/types\/page"}],"author":[{"embeddable":true,"href":"https:\/\/verneuil-nievre.com\/index.php?rest_route=\/wp\/v2\/users\/1"}],"replies":[{"embeddable":true,"href":"https:\/\/verneuil-nievre.com\/index.php?rest_route=%2Fwp%2Fv2%2Fcomments&post=467"}],"version-history":[{"count":14,"href":"https:\/\/verneuil-nievre.com\/index.php?rest_route=\/wp\/v2\/pages\/467\/revisions"}],"predecessor-version":[{"id":1778,"href":"https:\/\/verneuil-nievre.com\/index.php?rest_route=\/wp\/v2\/pages\/467\/revisions\/1778"}],"up":[{"embeddable":true,"href":"https:\/\/verneuil-nievre.com\/index.php?rest_route=\/wp\/v2\/pages\/169"}],"wp:attachment":[{"href":"https:\/\/verneuil-nievre.com\/index.php?rest_route=%2Fwp%2Fv2%2Fmedia&parent=467"}],"curies":[{"name":"wp","href":"https:\/\/api.w.org\/{rel}","templated":true}]}}