{"id":399,"date":"2018-04-06T15:37:49","date_gmt":"2018-04-06T13:37:49","guid":{"rendered":"http:\/\/verneuil-nievre.com\/?page_id=399"},"modified":"2018-09-04T16:37:15","modified_gmt":"2018-09-04T14:37:15","slug":"la-peche","status":"publish","type":"page","link":"https:\/\/verneuil-nievre.com\/?page_id=399","title":{"rendered":"La p\u00eache"},"content":{"rendered":"<p>Voir \u00e0 la rubrique association \u00ab\u00a0Le Goujon de Verneuil\u00a0\u00bb et sur le site de la f\u00e9d\u00e9ration de la p\u00eache de la Ni\u00e8vre <\/p>\n<blockquote><p>http:\/\/www.federationdepeche58.fr\/<\/p><\/blockquote>\n<p>Des cartes de p\u00eache sont en vente \u00e0 la mairie de Verneuil<\/p>\n","protected":false},"excerpt":{"rendered":"<p>Voir \u00e0 la rubrique association \u00ab\u00a0Le Goujon de Verneuil\u00a0\u00bb et sur le site de la f\u00e9d\u00e9ration de la p\u00eache de la Ni\u00e8vre http:\/\/www.federationdepeche58.fr\/ Des cartes de p\u00eache sont en vente \u00e0 la mairie de Verneuil<\/p>\n","protected":false},"author":1,"featured_media":0,"parent":162,"menu_order":0,"comment_status":"closed","ping_status":"closed","template":"","meta":{"footnotes":""},"class_list":["post-399","page","type-page","status-publish","hentry"],"_links":{"self":[{"href":"https:\/\/verneuil-nievre.com\/index.php?rest_route=\/wp\/v2\/pages\/399","targetHints":{"allow":["GET"]}}],"collection":[{"href":"https:\/\/verneuil-nievre.com\/index.php?rest_route=\/wp\/v2\/pages"}],"about":[{"href":"https:\/\/verneuil-nievre.com\/index.php?rest_route=\/wp\/v2\/types\/page"}],"author":[{"embeddable":true,"href":"https:\/\/verneuil-nievre.com\/index.php?rest_route=\/wp\/v2\/users\/1"}],"replies":[{"embeddable":true,"href":"https:\/\/verneuil-nievre.com\/index.php?rest_route=%2Fwp%2Fv2%2Fcomments&post=399"}],"version-history":[{"count":4,"href":"https:\/\/verneuil-nievre.com\/index.php?rest_route=\/wp\/v2\/pages\/399\/revisions"}],"predecessor-version":[{"id":557,"href":"https:\/\/verneuil-nievre.com\/index.php?rest_route=\/wp\/v2\/pages\/399\/revisions\/557"}],"up":[{"embeddable":true,"href":"https:\/\/verneuil-nievre.com\/index.php?rest_route=\/wp\/v2\/pages\/162"}],"wp:attachment":[{"href":"https:\/\/verneuil-nievre.com\/index.php?rest_route=%2Fwp%2Fv2%2Fmedia&parent=399"}],"curies":[{"name":"wp","href":"https:\/\/api.w.org\/{rel}","templated":true}]}}