{"id":356,"date":"2018-03-26T16:51:10","date_gmt":"2018-03-26T14:51:10","guid":{"rendered":"http:\/\/verneuil-nievre.com\/?page_id=356"},"modified":"2026-03-19T09:04:01","modified_gmt":"2026-03-19T08:04:01","slug":"assainissement","status":"publish","type":"page","link":"https:\/\/verneuil-nievre.com\/?page_id=356","title":{"rendered":"Assainissement"},"content":{"rendered":"<p><strong>Si vous voulez faire un contr\u00f4le de votre installation d&rsquo;assainissement<\/strong> , s<strong>i vous voulez installer un nouveau syst\u00e8me d&rsquo;assainissement<\/strong>,vous devez vous adresser a la communaut\u00e9 de communes du Sud-Nivernais \u00e0 qui la commune a transf\u00e9r\u00e9 la comp\u00e9tence.\u00a0https:\/\/www.sud-nivernais-communaute.fr\/assainissement-non-collectif\/\u00a0<\/p>\n\n\n<p><\/p>\n","protected":false},"excerpt":{"rendered":"<p>Si vous voulez faire un contr\u00f4le de votre installation d&rsquo;assainissement , si vous voulez installer un nouveau syst\u00e8me d&rsquo;assainissement,vous devez vous adresser a la communaut\u00e9 de communes du Sud-Nivernais \u00e0 qui la commune a transf\u00e9r\u00e9 la comp\u00e9tence.\u00a0https:\/\/www.sud-nivernais-communaute.fr\/assainissement-non-collectif\/\u00a0<\/p>\n","protected":false},"author":1,"featured_media":0,"parent":169,"menu_order":0,"comment_status":"closed","ping_status":"closed","template":"","meta":{"footnotes":""},"class_list":["post-356","page","type-page","status-publish","hentry"],"_links":{"self":[{"href":"https:\/\/verneuil-nievre.com\/index.php?rest_route=\/wp\/v2\/pages\/356","targetHints":{"allow":["GET"]}}],"collection":[{"href":"https:\/\/verneuil-nievre.com\/index.php?rest_route=\/wp\/v2\/pages"}],"about":[{"href":"https:\/\/verneuil-nievre.com\/index.php?rest_route=\/wp\/v2\/types\/page"}],"author":[{"embeddable":true,"href":"https:\/\/verneuil-nievre.com\/index.php?rest_route=\/wp\/v2\/users\/1"}],"replies":[{"embeddable":true,"href":"https:\/\/verneuil-nievre.com\/index.php?rest_route=%2Fwp%2Fv2%2Fcomments&post=356"}],"version-history":[{"count":5,"href":"https:\/\/verneuil-nievre.com\/index.php?rest_route=\/wp\/v2\/pages\/356\/revisions"}],"predecessor-version":[{"id":1774,"href":"https:\/\/verneuil-nievre.com\/index.php?rest_route=\/wp\/v2\/pages\/356\/revisions\/1774"}],"up":[{"embeddable":true,"href":"https:\/\/verneuil-nievre.com\/index.php?rest_route=\/wp\/v2\/pages\/169"}],"wp:attachment":[{"href":"https:\/\/verneuil-nievre.com\/index.php?rest_route=%2Fwp%2Fv2%2Fmedia&parent=356"}],"curies":[{"name":"wp","href":"https:\/\/api.w.org\/{rel}","templated":true}]}}