{"id":263,"date":"2018-03-15T16:00:05","date_gmt":"2018-03-15T15:00:05","guid":{"rendered":"http:\/\/verneuil-nievre.com\/?page_id=263"},"modified":"2018-04-05T15:20:23","modified_gmt":"2018-04-05T13:20:23","slug":"recensement-national-des-jeunes-de-16-ans","status":"publish","type":"page","link":"https:\/\/verneuil-nievre.com\/?page_id=263","title":{"rendered":"Recensement national des jeunes de 16 ans"},"content":{"rendered":"<p>Vous allez avoir 16 ans, ou vous avez 16 ans depuis peu ? Vous \u00eates concern\u00e9 par le recensement !<br \/>\nLe recensement est une obligation l\u00e9gale.<\/p>\n<p>Depuis janvier 1999, tous les jeunes Fran\u00e7ais, gar\u00e7ons et filles, doivent se faire recenser \u00e0 la mairie de leur domicile. Si vous r\u00e9sidez \u00e0 l\u2019\u00e9tranger, vous devez vous rendre au consulat de France.<\/p>\n<p>Il est \u00e0 effectuer dans les 3 mois qui suivent votre 16e anniversaire. <\/p>\n<p>La mairie vous remettra alors une attestation de recensement, \u00e0 conserver pr\u00e9cieusement.<\/p>\n","protected":false},"excerpt":{"rendered":"<p>Vous allez avoir 16 ans, ou vous avez 16 ans depuis peu ? Vous \u00eates concern\u00e9 par le recensement ! Le recensement est une obligation l\u00e9gale. Depuis janvier 1999, tous les jeunes Fran\u00e7ais, gar\u00e7ons et filles, doivent se faire recenser <a class=\"more-link\" href=\"https:\/\/verneuil-nievre.com\/?page_id=263\">Continuer la lecture <span class=\"screen-reader-text\">  Recensement national des jeunes de 16 ans<\/span><span class=\"meta-nav\">&rarr;<\/span><\/a><\/p>\n","protected":false},"author":1,"featured_media":0,"parent":171,"menu_order":0,"comment_status":"closed","ping_status":"closed","template":"","meta":{"footnotes":""},"class_list":["post-263","page","type-page","status-publish","hentry"],"_links":{"self":[{"href":"https:\/\/verneuil-nievre.com\/index.php?rest_route=\/wp\/v2\/pages\/263","targetHints":{"allow":["GET"]}}],"collection":[{"href":"https:\/\/verneuil-nievre.com\/index.php?rest_route=\/wp\/v2\/pages"}],"about":[{"href":"https:\/\/verneuil-nievre.com\/index.php?rest_route=\/wp\/v2\/types\/page"}],"author":[{"embeddable":true,"href":"https:\/\/verneuil-nievre.com\/index.php?rest_route=\/wp\/v2\/users\/1"}],"replies":[{"embeddable":true,"href":"https:\/\/verneuil-nievre.com\/index.php?rest_route=%2Fwp%2Fv2%2Fcomments&post=263"}],"version-history":[{"count":4,"href":"https:\/\/verneuil-nievre.com\/index.php?rest_route=\/wp\/v2\/pages\/263\/revisions"}],"predecessor-version":[{"id":376,"href":"https:\/\/verneuil-nievre.com\/index.php?rest_route=\/wp\/v2\/pages\/263\/revisions\/376"}],"up":[{"embeddable":true,"href":"https:\/\/verneuil-nievre.com\/index.php?rest_route=\/wp\/v2\/pages\/171"}],"wp:attachment":[{"href":"https:\/\/verneuil-nievre.com\/index.php?rest_route=%2Fwp%2Fv2%2Fmedia&parent=263"}],"curies":[{"name":"wp","href":"https:\/\/api.w.org\/{rel}","templated":true}]}}