{"id":260,"date":"2018-03-15T15:56:37","date_gmt":"2018-03-15T14:56:37","guid":{"rendered":"http:\/\/verneuil-nievre.com\/?page_id=260"},"modified":"2018-03-21T08:50:53","modified_gmt":"2018-03-21T07:50:53","slug":"certificat-dimmatriculation","status":"publish","type":"page","link":"https:\/\/verneuil-nievre.com\/?page_id=260","title":{"rendered":"Certificat d&rsquo;immatriculation"},"content":{"rendered":"<p>Vous devez d\u00e9sormais effectuer vos d\u00e9marches administratives concernant votre v\u00e9hicule, directement en ligne, sur le site ANTS avec le lien suivant : <a href=\"https:\/\/ants.gouv.fr\/\">https:\/\/ants.gouv.fr\/<\/a>. Toutefois, il est possible de s\u2019adresser \u00e0 des professionnels garagistes pour faire votre d\u00e9marche (ce service est souvent payant).<br \/>\nQuelles sont les d\u00e9marches r\u00e9alisables en ligne ?<br \/>\n1. Demande de duplicata correspondant \u00e0 la t\u00e9l\u00e9proc\u00e9dure \u00ab Je souhaite refaire ma carte grise (certificat d\u2019immatriculation) \u00bb<br \/>\nEn cas de perte, en cas de vol, en cas de d\u00e9t\u00e9rioration de votre titre<br \/>\n2. Demande de changement d\u2019adresse correspondant \u00e0 la t\u00e9l\u00e9proc\u00e9dure \u00ab je modifie l\u2019adresse sur ma carte grise \u00bb<br \/>\n3. Demande de changement de titulaire correspondant \u00e0 la t\u00e9l\u00e9proc\u00e9dure \u00ab j\u2019ach\u00e8te ou je re\u00e7ois un v\u00e9hicule d\u2019occasion \u00bb<br \/>\n4. D\u00e9claration de cession de v\u00e9hicule correspondant \u00e0 la t\u00e9l\u00e9proc\u00e9dure \u00ab je vends ou je donne mon v\u00e9hicule \u00bb<br \/>\n5. T\u00e9l\u00e9proc\u00e9dure compl\u00e9mentaire correspondant \u00e0 la t\u00e9l\u00e9proc\u00e9dure \u00ab je souhaite faire une autre demande \u00bb qui vous permet :<br \/>\no D\u2019immatriculer pour la 1ere fois en France un v\u00e9hicule neuf ou d\u2019occasion,<br \/>\no de signaler une erreur ou un changement sur vos donn\u00e9es personnelles :<br \/>\n\uf0a7 L\u2019actualisation de votre \u00e9tat-civil, de votre raison sociale et de votre \u00e9tat matrimonial,<br \/>\n\uf0a7 L\u2019ajout ou le retrait de la mention d\u2019un copropri\u00e9taire,<br \/>\n\uf0a7 La correction des donn\u00e9es du titulaire,<br \/>\n\uf0a7 Le droit d\u2019opposition \u00e0 la r\u00e9utilisation des donn\u00e9es personnelles \u00e0 des fins de prospection<br \/>\no De signaler une erreur ou un changement sur la situation de mon v\u00e9hicule :<br \/>\n\uf0a7 actualisation de la situation administrative.<br \/>\n\uf0a7 actualisation des donn\u00e9es techniques.<br \/>\n\uf0a7 ajout ou retrait d\u2019une mention d\u2019usage.<br \/>\n\uf0a7 retrait ou remise en circulation.<br \/>\n\uf0a7 d\u00e9claration li\u00e9e \u00e0 un v\u00e9hicule dangereux ou \u00e0 d\u00e9truire.<br \/>\n\uf0a7 demande de correction des donn\u00e9es.<br \/>\no D\u2019obtenir un justificatif, un certificat de situation administrative d\u00e9taill\u00e9, une fiche d\u2019identification du v\u00e9hicule ou autres demandes,<br \/>\no De r\u00e9aliser une d\u00e9marche li\u00e9e \u00e0 un v\u00e9hicule diplomatique : immatriculation, changement de situation du v\u00e9hicule ou de son titulaire, retrait d\u2019une immatriculation ou autres demandes,<\/p>\n","protected":false},"excerpt":{"rendered":"<p>Vous devez d\u00e9sormais effectuer vos d\u00e9marches administratives concernant votre v\u00e9hicule, directement en ligne, sur le site ANTS avec le lien suivant : https:\/\/ants.gouv.fr\/. Toutefois, il est possible de s\u2019adresser \u00e0 des professionnels garagistes pour faire votre d\u00e9marche (ce service est <a class=\"more-link\" href=\"https:\/\/verneuil-nievre.com\/?page_id=260\">Continuer la lecture <span class=\"screen-reader-text\">  Certificat d&rsquo;immatriculation<\/span><span class=\"meta-nav\">&rarr;<\/span><\/a><\/p>\n","protected":false},"author":1,"featured_media":0,"parent":171,"menu_order":0,"comment_status":"closed","ping_status":"closed","template":"","meta":{"footnotes":""},"class_list":["post-260","page","type-page","status-publish","hentry"],"_links":{"self":[{"href":"https:\/\/verneuil-nievre.com\/index.php?rest_route=\/wp\/v2\/pages\/260","targetHints":{"allow":["GET"]}}],"collection":[{"href":"https:\/\/verneuil-nievre.com\/index.php?rest_route=\/wp\/v2\/pages"}],"about":[{"href":"https:\/\/verneuil-nievre.com\/index.php?rest_route=\/wp\/v2\/types\/page"}],"author":[{"embeddable":true,"href":"https:\/\/verneuil-nievre.com\/index.php?rest_route=\/wp\/v2\/users\/1"}],"replies":[{"embeddable":true,"href":"https:\/\/verneuil-nievre.com\/index.php?rest_route=%2Fwp%2Fv2%2Fcomments&post=260"}],"version-history":[{"count":2,"href":"https:\/\/verneuil-nievre.com\/index.php?rest_route=\/wp\/v2\/pages\/260\/revisions"}],"predecessor-version":[{"id":262,"href":"https:\/\/verneuil-nievre.com\/index.php?rest_route=\/wp\/v2\/pages\/260\/revisions\/262"}],"up":[{"embeddable":true,"href":"https:\/\/verneuil-nievre.com\/index.php?rest_route=\/wp\/v2\/pages\/171"}],"wp:attachment":[{"href":"https:\/\/verneuil-nievre.com\/index.php?rest_route=%2Fwp%2Fv2%2Fmedia&parent=260"}],"curies":[{"name":"wp","href":"https:\/\/api.w.org\/{rel}","templated":true}]}}