{"id":258,"date":"2018-03-15T15:33:44","date_gmt":"2018-03-15T14:33:44","guid":{"rendered":"http:\/\/verneuil-nievre.com\/?page_id=258"},"modified":"2026-03-19T09:57:33","modified_gmt":"2026-03-19T08:57:33","slug":"carte-nationale-didentite-et-passeport","status":"publish","type":"page","link":"https:\/\/verneuil-nievre.com\/?page_id=258","title":{"rendered":"Carte nationale d&rsquo;identit\u00e9 et passeport"},"content":{"rendered":"<p>Depuis le 22 mars 2017, la commune de Verneuil n\u2019instruit plus les dossiers de cartes nationales d\u2019identit\u00e9. Il faut s\u2019adresser aux mairies \u00e9quip\u00e9es.<br \/>Les personnes, souhaitant d\u00e9poser leur dossier de demande de passeports ou de cartes nationale d\u2019identit\u00e9 dans la Ni\u00e8vre, doivent donc le faire dans l\u2019une des 15 communes suivantes :<br \/>Nevers, Decize, St Pierre-Le-Moutier, Varennes-Vauzelles, Clamecy, Corbigny, Lormes, Ch\u00e2teau- Chinon, Luzy, Montsauche les Settons, Ch\u00e2tillon en Bazois, Cosne-Cours-sur-Loire, Donzy, La Charit\u00e9 sur Loire, Pr\u00e9mery, Moulins-Engilbert, Saint Saulge<\/p>\n<p>Si vous allez \u00e0 Decize, nous vous invitons \u00e0 vous rendre sur le site de la mairie de Decize avec le lien suivant: https:\/\/www.ville-decize.fr\/carte-didentite-passeport\/<\/p>\n\n\n<p><\/p>\n","protected":false},"excerpt":{"rendered":"<p>Depuis le 22 mars 2017, la commune de Verneuil n\u2019instruit plus les dossiers de cartes nationales d\u2019identit\u00e9. Il faut s\u2019adresser aux mairies \u00e9quip\u00e9es.Les personnes, souhaitant d\u00e9poser leur dossier de demande de passeports ou de cartes nationale d\u2019identit\u00e9 dans la Ni\u00e8vre, <a class=\"more-link\" href=\"https:\/\/verneuil-nievre.com\/?page_id=258\">Continuer la lecture <span class=\"screen-reader-text\">  Carte nationale d&rsquo;identit\u00e9 et passeport<\/span><span class=\"meta-nav\">&rarr;<\/span><\/a><\/p>\n","protected":false},"author":1,"featured_media":0,"parent":171,"menu_order":0,"comment_status":"closed","ping_status":"closed","template":"","meta":{"footnotes":""},"class_list":["post-258","page","type-page","status-publish","hentry"],"_links":{"self":[{"href":"https:\/\/verneuil-nievre.com\/index.php?rest_route=\/wp\/v2\/pages\/258","targetHints":{"allow":["GET"]}}],"collection":[{"href":"https:\/\/verneuil-nievre.com\/index.php?rest_route=\/wp\/v2\/pages"}],"about":[{"href":"https:\/\/verneuil-nievre.com\/index.php?rest_route=\/wp\/v2\/types\/page"}],"author":[{"embeddable":true,"href":"https:\/\/verneuil-nievre.com\/index.php?rest_route=\/wp\/v2\/users\/1"}],"replies":[{"embeddable":true,"href":"https:\/\/verneuil-nievre.com\/index.php?rest_route=%2Fwp%2Fv2%2Fcomments&post=258"}],"version-history":[{"count":5,"href":"https:\/\/verneuil-nievre.com\/index.php?rest_route=\/wp\/v2\/pages\/258\/revisions"}],"predecessor-version":[{"id":1776,"href":"https:\/\/verneuil-nievre.com\/index.php?rest_route=\/wp\/v2\/pages\/258\/revisions\/1776"}],"up":[{"embeddable":true,"href":"https:\/\/verneuil-nievre.com\/index.php?rest_route=\/wp\/v2\/pages\/171"}],"wp:attachment":[{"href":"https:\/\/verneuil-nievre.com\/index.php?rest_route=%2Fwp%2Fv2%2Fmedia&parent=258"}],"curies":[{"name":"wp","href":"https:\/\/api.w.org\/{rel}","templated":true}]}}