{"id":253,"date":"2018-03-15T15:22:54","date_gmt":"2018-03-15T14:22:54","guid":{"rendered":"http:\/\/verneuil-nievre.com\/?page_id=253"},"modified":"2026-03-19T09:58:02","modified_gmt":"2026-03-19T08:58:02","slug":"demandes-dextraits-ou-de-copies-dactes-detat-civil","status":"publish","type":"page","link":"https:\/\/verneuil-nievre.com\/?page_id=253","title":{"rendered":"Demandes d&rsquo;extraits ou de copies d&rsquo;actes d&rsquo;\u00e9tat-civil"},"content":{"rendered":"<p>Vous devez demander votre acte d&rsquo;\u00e9tat-civil \u00e0 la commune o\u00f9 l\u2019\u00e9v\u00e9nement faisant l&rsquo;objet de votre demande a eu lieu.<\/p>\n<p>Pour obtenir une copie ou un extrait d\u2019acte de naissance, de d\u00e9c\u00e8s ou de mariage, qui a eu lieu \u00e0 Verneuil, vous pouvez effectuer la demande :<br \/>\n&#8211; en vous pr\u00e9sentant \u00e0 la mairie aux heures d&rsquo;ouverture<br \/>\n&#8211; en nous adressant une demande par \u00e9crit<\/p>\n<p>Pour avoir plus d&rsquo;informations sur la transmission d&rsquo;actes d&rsquo;\u00e9tat-civil, vous pouvez aller sur le site du service public en utilisant ce lien :<br \/>\nhttps:\/\/www.service-public.fr\/particuliers\/vosdroits\/N359<\/p>\n","protected":false},"excerpt":{"rendered":"<p>Vous devez demander votre acte d&rsquo;\u00e9tat-civil \u00e0 la commune o\u00f9 l\u2019\u00e9v\u00e9nement faisant l&rsquo;objet de votre demande a eu lieu. Pour obtenir une copie ou un extrait d\u2019acte de naissance, de d\u00e9c\u00e8s ou de mariage, qui a eu lieu \u00e0 Verneuil, <a class=\"more-link\" href=\"https:\/\/verneuil-nievre.com\/?page_id=253\">Continuer la lecture <span class=\"screen-reader-text\">  Demandes d&rsquo;extraits ou de copies d&rsquo;actes d&rsquo;\u00e9tat-civil<\/span><span class=\"meta-nav\">&rarr;<\/span><\/a><\/p>\n","protected":false},"author":1,"featured_media":0,"parent":171,"menu_order":0,"comment_status":"closed","ping_status":"closed","template":"","meta":{"footnotes":""},"class_list":["post-253","page","type-page","status-publish","hentry"],"_links":{"self":[{"href":"https:\/\/verneuil-nievre.com\/index.php?rest_route=\/wp\/v2\/pages\/253","targetHints":{"allow":["GET"]}}],"collection":[{"href":"https:\/\/verneuil-nievre.com\/index.php?rest_route=\/wp\/v2\/pages"}],"about":[{"href":"https:\/\/verneuil-nievre.com\/index.php?rest_route=\/wp\/v2\/types\/page"}],"author":[{"embeddable":true,"href":"https:\/\/verneuil-nievre.com\/index.php?rest_route=\/wp\/v2\/users\/1"}],"replies":[{"embeddable":true,"href":"https:\/\/verneuil-nievre.com\/index.php?rest_route=%2Fwp%2Fv2%2Fcomments&post=253"}],"version-history":[{"count":4,"href":"https:\/\/verneuil-nievre.com\/index.php?rest_route=\/wp\/v2\/pages\/253\/revisions"}],"predecessor-version":[{"id":1777,"href":"https:\/\/verneuil-nievre.com\/index.php?rest_route=\/wp\/v2\/pages\/253\/revisions\/1777"}],"up":[{"embeddable":true,"href":"https:\/\/verneuil-nievre.com\/index.php?rest_route=\/wp\/v2\/pages\/171"}],"wp:attachment":[{"href":"https:\/\/verneuil-nievre.com\/index.php?rest_route=%2Fwp%2Fv2%2Fmedia&parent=253"}],"curies":[{"name":"wp","href":"https:\/\/api.w.org\/{rel}","templated":true}]}}