{"id":233,"date":"2018-03-15T11:53:40","date_gmt":"2018-03-15T10:53:40","guid":{"rendered":"http:\/\/verneuil-nievre.com\/?page_id=233"},"modified":"2026-03-17T11:53:56","modified_gmt":"2026-03-17T10:53:56","slug":"peche","status":"publish","type":"page","link":"https:\/\/verneuil-nievre.com\/?page_id=233","title":{"rendered":"Randonn\u00e9e"},"content":{"rendered":"<p>Plusieurs chemins de randonn\u00e9es ont \u00e9t\u00e9 cr\u00e9\u00e9s par la Communaut\u00e9 de Communes dont un \u00e0 Verneuil : <a href=\"_wp_link_placeholder\" data-wplink-edit=\"true\">https:\/\/www.decize-confluence.fr\/balades-randonnees\/<\/a><\/p>\n","protected":false},"excerpt":{"rendered":"<p>Plusieurs chemins de randonn\u00e9es ont \u00e9t\u00e9 cr\u00e9\u00e9s par la Communaut\u00e9 de Communes dont un \u00e0 Verneuil : https:\/\/www.decize-confluence.fr\/balades-randonnees\/<\/p>\n","protected":false},"author":1,"featured_media":0,"parent":162,"menu_order":0,"comment_status":"closed","ping_status":"closed","template":"","meta":{"footnotes":""},"class_list":["post-233","page","type-page","status-publish","hentry"],"_links":{"self":[{"href":"https:\/\/verneuil-nievre.com\/index.php?rest_route=\/wp\/v2\/pages\/233","targetHints":{"allow":["GET"]}}],"collection":[{"href":"https:\/\/verneuil-nievre.com\/index.php?rest_route=\/wp\/v2\/pages"}],"about":[{"href":"https:\/\/verneuil-nievre.com\/index.php?rest_route=\/wp\/v2\/types\/page"}],"author":[{"embeddable":true,"href":"https:\/\/verneuil-nievre.com\/index.php?rest_route=\/wp\/v2\/users\/1"}],"replies":[{"embeddable":true,"href":"https:\/\/verneuil-nievre.com\/index.php?rest_route=%2Fwp%2Fv2%2Fcomments&post=233"}],"version-history":[{"count":4,"href":"https:\/\/verneuil-nievre.com\/index.php?rest_route=\/wp\/v2\/pages\/233\/revisions"}],"predecessor-version":[{"id":1773,"href":"https:\/\/verneuil-nievre.com\/index.php?rest_route=\/wp\/v2\/pages\/233\/revisions\/1773"}],"up":[{"embeddable":true,"href":"https:\/\/verneuil-nievre.com\/index.php?rest_route=\/wp\/v2\/pages\/162"}],"wp:attachment":[{"href":"https:\/\/verneuil-nievre.com\/index.php?rest_route=%2Fwp%2Fv2%2Fmedia&parent=233"}],"curies":[{"name":"wp","href":"https:\/\/api.w.org\/{rel}","templated":true}]}}