{"id":1798,"date":"2026-03-19T11:31:53","date_gmt":"2026-03-19T10:31:53","guid":{"rendered":"https:\/\/verneuil-nievre.com\/?page_id=1798"},"modified":"2026-04-07T09:34:36","modified_gmt":"2026-04-07T07:34:36","slug":"extraits-de-deliberations","status":"publish","type":"page","link":"https:\/\/verneuil-nievre.com\/?page_id=1798","title":{"rendered":"Extraits de d\u00e9lib\u00e9rations"},"content":{"rendered":"\n<div data-wp-interactive=\"core\/file\" class=\"wp-block-file\"><object data-wp-bind--hidden=\"!state.hasPdfPreview\" hidden class=\"wp-block-file__embed\" data=\"https:\/\/verneuil-nievre.com\/wp-content\/uploads\/2026\/03\/extraits-des-deliberations-conseil-municipal-du-5-mars-2026-2.pdf\" type=\"application\/pdf\" style=\"width:100%;height:600px\" aria-label=\"Contenu embarqu\u00e9 extraits des d\u00e9lib\u00e9rations conseil municipal du 5 mars 2026.\"><\/object><a id=\"wp-block-file--media-dcaa020a-f00e-46ba-a78e-988f1f4ed45f\" href=\"https:\/\/verneuil-nievre.com\/wp-content\/uploads\/2026\/03\/extraits-des-deliberations-conseil-municipal-du-5-mars-2026-2.pdf\">extraits des d\u00e9lib\u00e9rations conseil municipal du 5 mars 2026<\/a><\/div>\n\n\n\n<div data-wp-interactive=\"core\/file\" class=\"wp-block-file\"><object data-wp-bind--hidden=\"!state.hasPdfPreview\" hidden class=\"wp-block-file__embed\" data=\"https:\/\/verneuil-nievre.com\/wp-content\/uploads\/2026\/04\/extraits-deliberations-du-20-mars-2026.pdf\" type=\"application\/pdf\" style=\"width:100%;height:600px\" aria-label=\"Contenu embarqu\u00e9 extraits d\u00e9lib\u00e9rations du 20 mars 2026.\"><\/object><a id=\"wp-block-file--media-4e0b4466-3df8-4abe-af82-94a59a5ebe54\" href=\"https:\/\/verneuil-nievre.com\/wp-content\/uploads\/2026\/04\/extraits-deliberations-du-20-mars-2026.pdf\">extraits d\u00e9lib\u00e9rations du 20 mars 2026<\/a><\/div>\n","protected":false},"excerpt":{"rendered":"","protected":false},"author":1,"featured_media":0,"parent":63,"menu_order":0,"comment_status":"closed","ping_status":"closed","template":"","meta":{"footnotes":""},"class_list":["post-1798","page","type-page","status-publish","hentry"],"_links":{"self":[{"href":"https:\/\/verneuil-nievre.com\/index.php?rest_route=\/wp\/v2\/pages\/1798","targetHints":{"allow":["GET"]}}],"collection":[{"href":"https:\/\/verneuil-nievre.com\/index.php?rest_route=\/wp\/v2\/pages"}],"about":[{"href":"https:\/\/verneuil-nievre.com\/index.php?rest_route=\/wp\/v2\/types\/page"}],"author":[{"embeddable":true,"href":"https:\/\/verneuil-nievre.com\/index.php?rest_route=\/wp\/v2\/users\/1"}],"replies":[{"embeddable":true,"href":"https:\/\/verneuil-nievre.com\/index.php?rest_route=%2Fwp%2Fv2%2Fcomments&post=1798"}],"version-history":[{"count":2,"href":"https:\/\/verneuil-nievre.com\/index.php?rest_route=\/wp\/v2\/pages\/1798\/revisions"}],"predecessor-version":[{"id":1813,"href":"https:\/\/verneuil-nievre.com\/index.php?rest_route=\/wp\/v2\/pages\/1798\/revisions\/1813"}],"up":[{"embeddable":true,"href":"https:\/\/verneuil-nievre.com\/index.php?rest_route=\/wp\/v2\/pages\/63"}],"wp:attachment":[{"href":"https:\/\/verneuil-nievre.com\/index.php?rest_route=%2Fwp%2Fv2%2Fmedia&parent=1798"}],"curies":[{"name":"wp","href":"https:\/\/api.w.org\/{rel}","templated":true}]}}