{"id":173,"date":"2018-03-09T15:51:32","date_gmt":"2018-03-09T14:51:32","guid":{"rendered":"http:\/\/verneuil-nievre.com\/?page_id=173"},"modified":"2026-03-19T09:56:45","modified_gmt":"2026-03-19T08:56:45","slug":"dechets","status":"publish","type":"page","link":"https:\/\/verneuil-nievre.com\/?page_id=173","title":{"rendered":"D\u00e9chets"},"content":{"rendered":"<p>Les d\u00e9chets pour la commune de Verneuil sont de la comp\u00e9tence de la communaut\u00e9 de communes. Si vous avez besoin d&rsquo;un renseignement, nous vous invitons \u00e0 vous rendre sur le site de la communaut\u00e9 de communes du sud nivernais services ordures m\u00e9nag\u00e8res avec le lien suivant :https:\/\/www.sud-nivernais-communaute.fr\/transitions\/tri-et-collecte-des-dechets\/<\/p>\n\n\n<p>Vous retrouverez les consignes de tri, le calendrier, des informations sur la d\u00e9chetterie.<\/p>\n\n\n\n<p><\/p>\n","protected":false},"excerpt":{"rendered":"<p>Les d\u00e9chets pour la commune de Verneuil sont de la comp\u00e9tence de la communaut\u00e9 de communes. Si vous avez besoin d&rsquo;un renseignement, nous vous invitons \u00e0 vous rendre sur le site de la communaut\u00e9 de communes du sud nivernais services <a class=\"more-link\" href=\"https:\/\/verneuil-nievre.com\/?page_id=173\">Continuer la lecture <span class=\"screen-reader-text\">  D\u00e9chets<\/span><span class=\"meta-nav\">&rarr;<\/span><\/a><\/p>\n","protected":false},"author":1,"featured_media":0,"parent":169,"menu_order":0,"comment_status":"closed","ping_status":"closed","template":"","meta":{"footnotes":""},"class_list":["post-173","page","type-page","status-publish","hentry"],"_links":{"self":[{"href":"https:\/\/verneuil-nievre.com\/index.php?rest_route=\/wp\/v2\/pages\/173","targetHints":{"allow":["GET"]}}],"collection":[{"href":"https:\/\/verneuil-nievre.com\/index.php?rest_route=\/wp\/v2\/pages"}],"about":[{"href":"https:\/\/verneuil-nievre.com\/index.php?rest_route=\/wp\/v2\/types\/page"}],"author":[{"embeddable":true,"href":"https:\/\/verneuil-nievre.com\/index.php?rest_route=\/wp\/v2\/users\/1"}],"replies":[{"embeddable":true,"href":"https:\/\/verneuil-nievre.com\/index.php?rest_route=%2Fwp%2Fv2%2Fcomments&post=173"}],"version-history":[{"count":10,"href":"https:\/\/verneuil-nievre.com\/index.php?rest_route=\/wp\/v2\/pages\/173\/revisions"}],"predecessor-version":[{"id":1775,"href":"https:\/\/verneuil-nievre.com\/index.php?rest_route=\/wp\/v2\/pages\/173\/revisions\/1775"}],"up":[{"embeddable":true,"href":"https:\/\/verneuil-nievre.com\/index.php?rest_route=\/wp\/v2\/pages\/169"}],"wp:attachment":[{"href":"https:\/\/verneuil-nievre.com\/index.php?rest_route=%2Fwp%2Fv2%2Fmedia&parent=173"}],"curies":[{"name":"wp","href":"https:\/\/api.w.org\/{rel}","templated":true}]}}