{"id":171,"date":"2018-03-09T14:17:44","date_gmt":"2018-03-09T13:17:44","guid":{"rendered":"http:\/\/verneuil-nievre.com\/?page_id=171"},"modified":"2018-03-15T15:29:14","modified_gmt":"2018-03-15T14:29:14","slug":"demarches-administratives","status":"publish","type":"page","link":"https:\/\/verneuil-nievre.com\/?page_id=171","title":{"rendered":"D\u00e9marches administratives"},"content":{"rendered":"<p>De plus en plus de d\u00e9marches administratives peuvent ou doivent \u00eatre faites en ligne. L\u2019\u00e9tat a mis en place un site internet \u00ab service-public.fr \u00bb qui est un service gratuit pour vous indiquer vos d\u00e9marches, vous fournir des formulaires. <\/p>\n","protected":false},"excerpt":{"rendered":"<p>De plus en plus de d\u00e9marches administratives peuvent ou doivent \u00eatre faites en ligne. L\u2019\u00e9tat a mis en place un site internet \u00ab service-public.fr \u00bb qui est un service gratuit pour vous indiquer vos d\u00e9marches, vous fournir des formulaires.<\/p>\n","protected":false},"author":1,"featured_media":0,"parent":169,"menu_order":0,"comment_status":"closed","ping_status":"closed","template":"","meta":{"footnotes":""},"class_list":["post-171","page","type-page","status-publish","hentry"],"_links":{"self":[{"href":"https:\/\/verneuil-nievre.com\/index.php?rest_route=\/wp\/v2\/pages\/171","targetHints":{"allow":["GET"]}}],"collection":[{"href":"https:\/\/verneuil-nievre.com\/index.php?rest_route=\/wp\/v2\/pages"}],"about":[{"href":"https:\/\/verneuil-nievre.com\/index.php?rest_route=\/wp\/v2\/types\/page"}],"author":[{"embeddable":true,"href":"https:\/\/verneuil-nievre.com\/index.php?rest_route=\/wp\/v2\/users\/1"}],"replies":[{"embeddable":true,"href":"https:\/\/verneuil-nievre.com\/index.php?rest_route=%2Fwp%2Fv2%2Fcomments&post=171"}],"version-history":[{"count":2,"href":"https:\/\/verneuil-nievre.com\/index.php?rest_route=\/wp\/v2\/pages\/171\/revisions"}],"predecessor-version":[{"id":257,"href":"https:\/\/verneuil-nievre.com\/index.php?rest_route=\/wp\/v2\/pages\/171\/revisions\/257"}],"up":[{"embeddable":true,"href":"https:\/\/verneuil-nievre.com\/index.php?rest_route=\/wp\/v2\/pages\/169"}],"wp:attachment":[{"href":"https:\/\/verneuil-nievre.com\/index.php?rest_route=%2Fwp%2Fv2%2Fmedia&parent=171"}],"curies":[{"name":"wp","href":"https:\/\/api.w.org\/{rel}","templated":true}]}}