{"id":167,"date":"2018-03-09T14:15:11","date_gmt":"2018-03-09T13:15:11","guid":{"rendered":"http:\/\/verneuil-nievre.com\/?page_id=167"},"modified":"2018-09-04T16:29:34","modified_gmt":"2018-09-04T14:29:34","slug":"lagence-postale-communale","status":"publish","type":"page","link":"https:\/\/verneuil-nievre.com\/?page_id=167","title":{"rendered":"L&rsquo;agence postale communale"},"content":{"rendered":"<p>L&rsquo;agence postale communale est ouverte aux m\u00eames horaires que la Mairie.<\/p>\n<p>Vous pouvez affranchir des courriers et des colis<br \/>\nVous pouvez acheter des produits de la Poste (timbres, enveloppes, pi\u00e8ces de monnaie de collection, t\u00e9l\u00e9phones, tablettes&#8230;)<br \/>\nDes services comme enveloppes de r\u00e9exp\u00e9dition, contrats de r\u00e9exp\u00e9dition du courrier peuvent vous \u00eatre fournis.<\/p>\n<p>Les r\u00e8glements peuvent se faire avec des esp\u00e8ces, des ch\u00e8ques ou la carte bancaire<\/p>\n<p>Vous pouvez retirer de l&rsquo;argent de votre compte de la Banque postale<\/p>\n<p>Vous pouvez demander au facteur de retirer votre courrier recommand\u00e9 ou vos colis recommand\u00e9s \u00e0 l&rsquo;agence postale qu&rsquo;il n&rsquo;a pas pu laisser dans votre boite \u00e0 lettre car vous \u00e9tiez absent. Vous viendrez le chercher pendant nos heures d&rsquo;ouverture.<\/p>\n","protected":false},"excerpt":{"rendered":"<p>L&rsquo;agence postale communale est ouverte aux m\u00eames horaires que la Mairie. Vous pouvez affranchir des courriers et des colis Vous pouvez acheter des produits de la Poste (timbres, enveloppes, pi\u00e8ces de monnaie de collection, t\u00e9l\u00e9phones, tablettes&#8230;) Des services comme enveloppes <a class=\"more-link\" href=\"https:\/\/verneuil-nievre.com\/?page_id=167\">Continuer la lecture <span class=\"screen-reader-text\">  L&rsquo;agence postale communale<\/span><span class=\"meta-nav\">&rarr;<\/span><\/a><\/p>\n","protected":false},"author":1,"featured_media":0,"parent":169,"menu_order":5,"comment_status":"closed","ping_status":"closed","template":"","meta":{"footnotes":""},"class_list":["post-167","page","type-page","status-publish","hentry"],"_links":{"self":[{"href":"https:\/\/verneuil-nievre.com\/index.php?rest_route=\/wp\/v2\/pages\/167","targetHints":{"allow":["GET"]}}],"collection":[{"href":"https:\/\/verneuil-nievre.com\/index.php?rest_route=\/wp\/v2\/pages"}],"about":[{"href":"https:\/\/verneuil-nievre.com\/index.php?rest_route=\/wp\/v2\/types\/page"}],"author":[{"embeddable":true,"href":"https:\/\/verneuil-nievre.com\/index.php?rest_route=\/wp\/v2\/users\/1"}],"replies":[{"embeddable":true,"href":"https:\/\/verneuil-nievre.com\/index.php?rest_route=%2Fwp%2Fv2%2Fcomments&post=167"}],"version-history":[{"count":4,"href":"https:\/\/verneuil-nievre.com\/index.php?rest_route=\/wp\/v2\/pages\/167\/revisions"}],"predecessor-version":[{"id":553,"href":"https:\/\/verneuil-nievre.com\/index.php?rest_route=\/wp\/v2\/pages\/167\/revisions\/553"}],"up":[{"embeddable":true,"href":"https:\/\/verneuil-nievre.com\/index.php?rest_route=\/wp\/v2\/pages\/169"}],"wp:attachment":[{"href":"https:\/\/verneuil-nievre.com\/index.php?rest_route=%2Fwp%2Fv2%2Fmedia&parent=167"}],"curies":[{"name":"wp","href":"https:\/\/api.w.org\/{rel}","templated":true}]}}