{"id":1309,"date":"2022-05-30T16:01:06","date_gmt":"2022-05-30T14:01:06","guid":{"rendered":"http:\/\/verneuil-nievre.com\/?page_id=1309"},"modified":"2026-04-07T09:46:01","modified_gmt":"2026-04-07T07:46:01","slug":"affichage-legal","status":"publish","type":"page","link":"https:\/\/verneuil-nievre.com\/?page_id=1309","title":{"rendered":"Affichage l\u00e9gal"},"content":{"rendered":"\n<p>Arr\u00eat\u00e9 nommant les administrateurs non \u00e9lus du CCAS<\/p>\n\n\n\n<div data-wp-interactive=\"core\/file\" class=\"wp-block-file\"><object data-wp-bind--hidden=\"!state.hasPdfPreview\" hidden class=\"wp-block-file__embed\" data=\"https:\/\/verneuil-nievre.com\/wp-content\/uploads\/2026\/04\/arrete-nomination-des-membres-du-CCAS.pdf\" type=\"application\/pdf\" style=\"width:100%;height:600px\" aria-label=\"Contenu embarqu\u00e9 arr\u00eat\u00e9 nomination des membres du CCAS.\"><\/object><a id=\"wp-block-file--media-aeed2094-c87e-4349-bce2-c749a5c8542a\" href=\"https:\/\/verneuil-nievre.com\/wp-content\/uploads\/2026\/04\/arrete-nomination-des-membres-du-CCAS.pdf\">arr\u00eat\u00e9 nomination des membres du CCAS<\/a><\/div>\n","protected":false},"excerpt":{"rendered":"<p>Arr\u00eat\u00e9 nommant les administrateurs non \u00e9lus du CCAS<\/p>\n","protected":false},"author":1,"featured_media":0,"parent":53,"menu_order":6,"comment_status":"closed","ping_status":"closed","template":"","meta":{"footnotes":""},"class_list":["post-1309","page","type-page","status-publish","hentry"],"_links":{"self":[{"href":"https:\/\/verneuil-nievre.com\/index.php?rest_route=\/wp\/v2\/pages\/1309","targetHints":{"allow":["GET"]}}],"collection":[{"href":"https:\/\/verneuil-nievre.com\/index.php?rest_route=\/wp\/v2\/pages"}],"about":[{"href":"https:\/\/verneuil-nievre.com\/index.php?rest_route=\/wp\/v2\/types\/page"}],"author":[{"embeddable":true,"href":"https:\/\/verneuil-nievre.com\/index.php?rest_route=\/wp\/v2\/users\/1"}],"replies":[{"embeddable":true,"href":"https:\/\/verneuil-nievre.com\/index.php?rest_route=%2Fwp%2Fv2%2Fcomments&post=1309"}],"version-history":[{"count":5,"href":"https:\/\/verneuil-nievre.com\/index.php?rest_route=\/wp\/v2\/pages\/1309\/revisions"}],"predecessor-version":[{"id":1819,"href":"https:\/\/verneuil-nievre.com\/index.php?rest_route=\/wp\/v2\/pages\/1309\/revisions\/1819"}],"up":[{"embeddable":true,"href":"https:\/\/verneuil-nievre.com\/index.php?rest_route=\/wp\/v2\/pages\/53"}],"wp:attachment":[{"href":"https:\/\/verneuil-nievre.com\/index.php?rest_route=%2Fwp%2Fv2%2Fmedia&parent=1309"}],"curies":[{"name":"wp","href":"https:\/\/api.w.org\/{rel}","templated":true}]}}