{"id":127,"date":"2018-03-08T16:07:27","date_gmt":"2018-03-08T15:07:27","guid":{"rendered":"http:\/\/verneuil-nievre.com\/?page_id=127"},"modified":"2018-03-15T15:03:55","modified_gmt":"2018-03-15T14:03:55","slug":"saint-just","status":"publish","type":"page","link":"https:\/\/verneuil-nievre.com\/?page_id=127","title":{"rendered":"Saint Just"},"content":{"rendered":"<p>Louis Antoine de ST JUST est un personnage embl\u00e9matique de la R\u00e9volution Fran\u00e7aise. Il est n\u00e9 le  25 ao\u00fbt 1767 \u00e0 Decize et baptis\u00e9 le jour m\u00eame \u00e0 l\u2019Eglise St Ar\u00e9. Il a pass\u00e9 plusieurs ann\u00e9es de son enfance \u00e0 Verneuil, d\u2019abord plac\u00e9 en nourrice  puis chez son oncle et parrain, Jean Antoine Robinot, cur\u00e9 du village qui avait mari\u00e9 ses parents \u00e0 l&rsquo;\u00e9glise de Verneuil.<br \/>\nQuelques ann\u00e9es plus tard, Louis Antoine a quitt\u00e9 la Ni\u00e8vre pour partir \u00e9tudier le droit dans l\u2019AISNE.<br \/>\nEnthousiasm\u00e9 par la R\u00e9volution, il s\u2019est alli\u00e9 aux Montagnards, aupr\u00e8s de ROBESPIERRE. Il n\u2019\u00e9tait \u00e2g\u00e9 que d\u2019une vingtaine d\u2019ann\u00e9es, ce qui faisait de lui le benjamin du parti.<br \/>\nMalgr\u00e9 tout, il a su tr\u00e8s rapidement de d\u00e9marquer gr\u00e2ce \u00e0 ses talents d\u2019orateurs qui rendaient ses discours rudes mais passionn\u00e9s.<br \/>\nD\u00e9fenseur de la toute jeune R\u00e9publique,  il a su mettre en avant son r\u00eave d\u2019un gouvernement \u00e9galitaire, moral et militaire. La duret\u00e9 de son esprit et la dictature impos\u00e9e, avec ROBESPIERRE, au Comit\u00e9 du Salut Public lui valurent le surnom \u00ab d\u2019Archange de la Terreur \u00bb. Il a \u00e9t\u00e9 de ceux qui ont r\u00e9clam\u00e9 la mort de Louis XVI.<br \/>\nCette p\u00e9riode sombre, appel\u00e9e la Terreur, prendra fin avec l\u2019ex\u00e9cution des deux comp\u00e8res.<br \/>\nLa perte de leurs soutiens, pr\u00e9cipit\u00e9 par une politique trop s\u00e9v\u00e8re pour certains, m\u00e8nera Louis Antoine de ST JUST et Maximilien de ROBESPIERRE \u00e0 la guillotine.<br \/>\nL\u2019enfant du pays a perdu la vie le 28 juillet 1794, \u00e0 l\u2019\u00e2ge de 26 ans.<\/p>\n","protected":false},"excerpt":{"rendered":"<p>Louis Antoine de ST JUST est un personnage embl\u00e9matique de la R\u00e9volution Fran\u00e7aise. Il est n\u00e9 le 25 ao\u00fbt 1767 \u00e0 Decize et baptis\u00e9 le jour m\u00eame \u00e0 l\u2019Eglise St Ar\u00e9. Il a pass\u00e9 plusieurs ann\u00e9es de son enfance \u00e0 <a class=\"more-link\" href=\"https:\/\/verneuil-nievre.com\/?page_id=127\">Continuer la lecture <span class=\"screen-reader-text\">  Saint Just<\/span><span class=\"meta-nav\">&rarr;<\/span><\/a><\/p>\n","protected":false},"author":3,"featured_media":0,"parent":90,"menu_order":0,"comment_status":"closed","ping_status":"closed","template":"","meta":{"footnotes":""},"class_list":["post-127","page","type-page","status-publish","hentry"],"_links":{"self":[{"href":"https:\/\/verneuil-nievre.com\/index.php?rest_route=\/wp\/v2\/pages\/127","targetHints":{"allow":["GET"]}}],"collection":[{"href":"https:\/\/verneuil-nievre.com\/index.php?rest_route=\/wp\/v2\/pages"}],"about":[{"href":"https:\/\/verneuil-nievre.com\/index.php?rest_route=\/wp\/v2\/types\/page"}],"author":[{"embeddable":true,"href":"https:\/\/verneuil-nievre.com\/index.php?rest_route=\/wp\/v2\/users\/3"}],"replies":[{"embeddable":true,"href":"https:\/\/verneuil-nievre.com\/index.php?rest_route=%2Fwp%2Fv2%2Fcomments&post=127"}],"version-history":[{"count":2,"href":"https:\/\/verneuil-nievre.com\/index.php?rest_route=\/wp\/v2\/pages\/127\/revisions"}],"predecessor-version":[{"id":252,"href":"https:\/\/verneuil-nievre.com\/index.php?rest_route=\/wp\/v2\/pages\/127\/revisions\/252"}],"up":[{"embeddable":true,"href":"https:\/\/verneuil-nievre.com\/index.php?rest_route=\/wp\/v2\/pages\/90"}],"wp:attachment":[{"href":"https:\/\/verneuil-nievre.com\/index.php?rest_route=%2Fwp%2Fv2%2Fmedia&parent=127"}],"curies":[{"name":"wp","href":"https:\/\/api.w.org\/{rel}","templated":true}]}}